{"id":370,"date":"2025-06-03T17:29:25","date_gmt":"2025-06-03T14:29:25","guid":{"rendered":"https:\/\/dworekprzylesie.com.pl\/?page_id=370"},"modified":"2025-06-19T16:00:35","modified_gmt":"2025-06-19T13:00:35","slug":"business-events","status":"publish","type":"page","link":"https:\/\/dworekprzylesie.com.pl\/en\/business-events\/","title":{"rendered":"Business-events"},"content":{"rendered":"<div data-elementor-type=\"wp-page\" data-elementor-id=\"370\" class=\"elementor elementor-370\" data-elementor-post-type=\"page\">\n\t\t\t\t<div class=\"elementor-element elementor-element-57f6f7b3 head-banner white-logo e-flex e-con-boxed e-con e-parent\" data-id=\"57f6f7b3\" data-element_type=\"container\" data-settings=\"{&quot;background_background&quot;:&quot;classic&quot;}\">\n\t\t\t\t\t<div class=\"e-con-inner\">\n\t\t\t\t<div class=\"elementor-element elementor-element-d5c0de9 elementor-widget elementor-widget-heading\" data-id=\"d5c0de9\" data-element_type=\"widget\" data-widget_type=\"heading.default\">\n\t\t\t\t<div class=\"elementor-widget-container\">\n\t\t\t\t\t<div class=\"elementor-heading-title elementor-size-default\">Organizing an unforgettable day<\/div>\t\t\t\t<\/div>\n\t\t\t\t<\/div>\n\t\t\t\t<div class=\"elementor-element elementor-element-39cc81a2 main-title elementor-widget elementor-widget-heading\" data-id=\"39cc81a2\" data-element_type=\"widget\" data-widget_type=\"heading.default\">\n\t\t\t\t<div class=\"elementor-widget-container\">\n\t\t\t\t\t<h1 class=\"elementor-heading-title elementor-size-default\">business-<span class=\"t-transform-none font-italic\">events<\/span><\/h1>\t\t\t\t<\/div>\n\t\t\t\t<\/div>\n\t\t\t\t\t<\/div>\n\t\t\t\t<\/div>\n\t\t<div class=\"elementor-element elementor-element-5139343 header-inversion-color e-flex e-con-boxed e-con e-parent\" data-id=\"5139343\" data-element_type=\"container\">\n\t\t\t\t\t<div class=\"e-con-inner\">\n\t\t\t\t<div class=\"elementor-element elementor-element-bf62984 elementor-widget__width-initial elementor-widget elementor-widget-text-editor\" data-id=\"bf62984\" data-element_type=\"widget\" data-widget_type=\"text-editor.default\">\n\t\t\t\t<div class=\"elementor-widget-container\">\n\t\t\t\t\t\t\t\t\tevents <span class=\"t-transform-none font-italic\">for companies<\/span>\t\t\t\t\t\t\t\t<\/div>\n\t\t\t\t<\/div>\n\t\t\t\t<div class=\"elementor-element elementor-element-4385f35 elementor-widget__width-initial elementor-widget elementor-widget-text-editor\" data-id=\"4385f35\" data-element_type=\"widget\" data-widget_type=\"text-editor.default\">\n\t\t\t\t<div class=\"elementor-widget-container\">\n\t\t\t\t\t\t\t\t\t<p>Away from the hustle and bustle of cities, surrounded by nature, you can organize a wonderful corporate event or conference. The proximity of the B\u0142\u0119dowska Desert and other attractions along the Trail of the Eagles&#039; Nests allows for the organization of incredible attractions. The facility&#039;s convenient location at the junction of the Lesser Poland and Silesian Voivodeships allows for quick access.<\/p>\t\t\t\t\t\t\t\t<\/div>\n\t\t\t\t<\/div>\n\t\t\t\t<div class=\"elementor-element elementor-element-27a527b elementor-widget__width-initial elementor-widget elementor-widget-text-editor\" data-id=\"27a527b\" data-element_type=\"widget\" data-widget_type=\"text-editor.default\">\n\t\t\t\t<div class=\"elementor-widget-container\">\n\t\t\t\t\t\t\t\t\t<p>We offer 80 beds in comfortable, cozy rooms.<\/p>\t\t\t\t\t\t\t\t<\/div>\n\t\t\t\t<\/div>\n\t\t\t\t<div class=\"elementor-element elementor-element-867625c elementor-align-center elementor-widget elementor-widget-button\" data-id=\"867625c\" data-element_type=\"widget\" data-widget_type=\"button.default\">\n\t\t\t\t<div class=\"elementor-widget-container\">\n\t\t\t\t\t\t\t\t\t<div class=\"elementor-button-wrapper\">\n\t\t\t\t\t<a class=\"elementor-button elementor-button-link elementor-size-sm\" href=\"#\">\n\t\t\t\t\t\t<span class=\"elementor-button-content-wrapper\">\n\t\t\t\t\t\t\t\t\t<span class=\"elementor-button-text\">Contact us<\/span>\n\t\t\t\t\t<\/span>\n\t\t\t\t\t<\/a>\n\t\t\t\t<\/div>\n\t\t\t\t\t\t\t\t<\/div>\n\t\t\t\t<\/div>\n\t\t\t\t\t<\/div>\n\t\t\t\t<\/div>\n\t\t<div class=\"elementor-element elementor-element-8ca0902 parallax-section e-flex e-con-boxed e-con e-parent\" data-id=\"8ca0902\" data-element_type=\"container\">\n\t\t\t\t\t<div class=\"e-con-inner\">\n\t\t<div class=\"elementor-element elementor-element-ee1fc8f e-con-full e-flex e-con e-child\" data-id=\"ee1fc8f\" data-element_type=\"container\">\n\t\t<div class=\"elementor-element elementor-element-951115e e-con-full parallax-container e-flex e-con e-child\" data-id=\"951115e\" data-element_type=\"container\">\n\t\t\t\t<div class=\"elementor-element elementor-element-beeecb8 parallax-image elementor-widget elementor-widget-image\" data-id=\"beeecb8\" data-element_type=\"widget\" data-widget_type=\"image.default\">\n\t\t\t\t<div class=\"elementor-widget-container\">\n\t\t\t\t\t\t\t\t\t\t\t\t\t\t\t<img fetchpriority=\"high\" decoding=\"async\" width=\"490\" height=\"678\" src=\"https:\/\/dworekprzylesie.com.pl\/wp-content\/uploads\/2025\/06\/biznes-events-1.jpg\" class=\"attachment-large size-large wp-image-381\" alt=\"\" srcset=\"https:\/\/dworekprzylesie.com.pl\/wp-content\/uploads\/2025\/06\/biznes-events-1.jpg 490w, https:\/\/dworekprzylesie.com.pl\/wp-content\/uploads\/2025\/06\/biznes-events-1-217x300.jpg 217w\" sizes=\"(max-width: 490px) 100vw, 490px\" \/>\t\t\t\t\t\t\t\t\t\t\t\t\t\t\t<\/div>\n\t\t\t\t<\/div>\n\t\t\t\t<\/div>\n\t\t\t\t<\/div>\n\t\t<div class=\"elementor-element elementor-element-6408289 e-con-full e-flex e-con e-child\" data-id=\"6408289\" data-element_type=\"container\">\n\t\t<div class=\"elementor-element elementor-element-ac435ce e-con-full parallax-container e-flex e-con e-child\" data-id=\"ac435ce\" data-element_type=\"container\">\n\t\t\t\t<div class=\"elementor-element elementor-element-6316955 parallax-image elementor-widget elementor-widget-image\" data-id=\"6316955\" data-element_type=\"widget\" data-widget_type=\"image.default\">\n\t\t\t\t<div class=\"elementor-widget-container\">\n\t\t\t\t\t\t\t\t\t\t\t\t\t\t\t<img decoding=\"async\" width=\"375\" height=\"243\" src=\"https:\/\/dworekprzylesie.com.pl\/wp-content\/uploads\/2025\/06\/biznes-events-2.jpg\" class=\"attachment-large size-large wp-image-382\" alt=\"\" srcset=\"https:\/\/dworekprzylesie.com.pl\/wp-content\/uploads\/2025\/06\/biznes-events-2.jpg 375w, https:\/\/dworekprzylesie.com.pl\/wp-content\/uploads\/2025\/06\/biznes-events-2-300x194.jpg 300w\" sizes=\"(max-width: 375px) 100vw, 375px\" \/>\t\t\t\t\t\t\t\t\t\t\t\t\t\t\t<\/div>\n\t\t\t\t<\/div>\n\t\t\t\t<\/div>\n\t\t\t\t<\/div>\n\t\t\t\t\t<\/div>\n\t\t\t\t<\/div>\n\t\t<div class=\"elementor-element elementor-element-3827664 parallax-section e-flex e-con-boxed e-con e-parent\" data-id=\"3827664\" data-element_type=\"container\">\n\t\t\t\t\t<div class=\"e-con-inner\">\n\t\t<div class=\"elementor-element elementor-element-8e25559 e-con-full e-flex e-con e-child\" data-id=\"8e25559\" data-element_type=\"container\">\n\t\t<div class=\"elementor-element elementor-element-2f80513 e-con-full parallax-container e-flex e-con e-child\" data-id=\"2f80513\" data-element_type=\"container\">\n\t\t\t\t<div class=\"elementor-element elementor-element-f1a3c0a parallax-image elementor-widget elementor-widget-image\" data-id=\"f1a3c0a\" data-element_type=\"widget\" data-widget_type=\"image.default\">\n\t\t\t\t<div class=\"elementor-widget-container\">\n\t\t\t\t\t\t\t\t\t\t\t\t\t\t\t<img decoding=\"async\" width=\"500\" height=\"325\" src=\"https:\/\/dworekprzylesie.com.pl\/wp-content\/uploads\/2025\/06\/biznes-events-3.jpg\" class=\"attachment-large size-large wp-image-383\" alt=\"\" srcset=\"https:\/\/dworekprzylesie.com.pl\/wp-content\/uploads\/2025\/06\/biznes-events-3.jpg 500w, https:\/\/dworekprzylesie.com.pl\/wp-content\/uploads\/2025\/06\/biznes-events-3-300x195.jpg 300w\" sizes=\"(max-width: 500px) 100vw, 500px\" \/>\t\t\t\t\t\t\t\t\t\t\t\t\t\t\t<\/div>\n\t\t\t\t<\/div>\n\t\t\t\t<\/div>\n\t\t\t\t<\/div>\n\t\t<div class=\"elementor-element elementor-element-d023841 e-con-full e-flex e-con e-child\" data-id=\"d023841\" data-element_type=\"container\">\n\t\t<div class=\"elementor-element elementor-element-7d85d8b e-con-full parallax-container e-flex e-con e-child\" data-id=\"7d85d8b\" data-element_type=\"container\">\n\t\t\t\t<div class=\"elementor-element elementor-element-36b99d3 parallax-image elementor-widget elementor-widget-image\" data-id=\"36b99d3\" data-element_type=\"widget\" data-widget_type=\"image.default\">\n\t\t\t\t<div class=\"elementor-widget-container\">\n\t\t\t\t\t\t\t\t\t\t\t\t\t\t\t<img loading=\"lazy\" decoding=\"async\" width=\"225\" height=\"225\" src=\"https:\/\/dworekprzylesie.com.pl\/wp-content\/uploads\/2025\/06\/biznes-events-4.jpg\" class=\"attachment-large size-large wp-image-384\" alt=\"\" srcset=\"https:\/\/dworekprzylesie.com.pl\/wp-content\/uploads\/2025\/06\/biznes-events-4.jpg 225w, https:\/\/dworekprzylesie.com.pl\/wp-content\/uploads\/2025\/06\/biznes-events-4-100x100.jpg 100w, https:\/\/dworekprzylesie.com.pl\/wp-content\/uploads\/2025\/06\/biznes-events-4-150x150.jpg 150w\" sizes=\"(max-width: 225px) 100vw, 225px\" \/>\t\t\t\t\t\t\t\t\t\t\t\t\t\t\t<\/div>\n\t\t\t\t<\/div>\n\t\t\t\t<\/div>\n\t\t\t\t<\/div>\n\t\t\t\t\t<\/div>\n\t\t\t\t<\/div>\n\t\t<div class=\"elementor-element elementor-element-3fa87ff parallax-section e-flex e-con-boxed e-con e-parent\" data-id=\"3fa87ff\" data-element_type=\"container\">\n\t\t\t\t\t<div class=\"e-con-inner\">\n\t\t<div class=\"elementor-element elementor-element-0499719 e-con-full e-flex e-con e-child\" data-id=\"0499719\" data-element_type=\"container\">\n\t\t<div class=\"elementor-element elementor-element-68372aa e-con-full parallax-container e-flex e-con e-child\" data-id=\"68372aa\" data-element_type=\"container\">\n\t\t\t\t<div class=\"elementor-element elementor-element-bddb3c5 parallax-image elementor-widget elementor-widget-image\" data-id=\"bddb3c5\" data-element_type=\"widget\" data-widget_type=\"image.default\">\n\t\t\t\t<div class=\"elementor-widget-container\">\n\t\t\t\t\t\t\t\t\t\t\t\t\t\t\t<img loading=\"lazy\" decoding=\"async\" width=\"337\" height=\"599\" src=\"https:\/\/dworekprzylesie.com.pl\/wp-content\/uploads\/2025\/06\/biznes-events-5.jpg\" class=\"attachment-large size-large wp-image-385\" alt=\"\" srcset=\"https:\/\/dworekprzylesie.com.pl\/wp-content\/uploads\/2025\/06\/biznes-events-5.jpg 337w, https:\/\/dworekprzylesie.com.pl\/wp-content\/uploads\/2025\/06\/biznes-events-5-169x300.jpg 169w\" sizes=\"(max-width: 337px) 100vw, 337px\" \/>\t\t\t\t\t\t\t\t\t\t\t\t\t\t\t<\/div>\n\t\t\t\t<\/div>\n\t\t\t\t<\/div>\n\t\t\t\t<\/div>\n\t\t<div class=\"elementor-element elementor-element-fea8331 e-con-full e-flex e-con e-child\" data-id=\"fea8331\" data-element_type=\"container\">\n\t\t<div class=\"elementor-element elementor-element-00069dc e-con-full parallax-container e-flex e-con e-child\" data-id=\"00069dc\" data-element_type=\"container\">\n\t\t\t\t<div class=\"elementor-element elementor-element-0dc45fe parallax-image elementor-widget elementor-widget-image\" data-id=\"0dc45fe\" data-element_type=\"widget\" data-widget_type=\"image.default\">\n\t\t\t\t<div class=\"elementor-widget-container\">\n\t\t\t\t\t\t\t\t\t\t\t\t\t\t\t<img loading=\"lazy\" decoding=\"async\" width=\"175\" height=\"264\" src=\"https:\/\/dworekprzylesie.com.pl\/wp-content\/uploads\/2025\/06\/biznes-events-6.jpg\" class=\"attachment-large size-large wp-image-386\" alt=\"\" \/>\t\t\t\t\t\t\t\t\t\t\t\t\t\t\t<\/div>\n\t\t\t\t<\/div>\n\t\t\t\t<\/div>\n\t\t\t\t<\/div>\n\t\t\t\t\t<\/div>\n\t\t\t\t<\/div>\n\t\t<div class=\"elementor-element elementor-element-172a50f parallax-section e-flex e-con-boxed e-con e-parent\" data-id=\"172a50f\" data-element_type=\"container\">\n\t\t\t\t\t<div class=\"e-con-inner\">\n\t\t<div class=\"elementor-element elementor-element-b940a99 e-con-full e-flex e-con e-child\" data-id=\"b940a99\" data-element_type=\"container\">\n\t\t\t\t<\/div>\n\t\t<div class=\"elementor-element elementor-element-4b26e3c e-con-full e-flex e-con e-child\" data-id=\"4b26e3c\" data-element_type=\"container\">\n\t\t<div class=\"elementor-element elementor-element-971e84c e-con-full e-transform parallax-container e-flex e-con e-child\" data-id=\"971e84c\" data-element_type=\"container\" data-settings=\"{&quot;_transform_translateY_effect&quot;:{&quot;unit&quot;:&quot;px&quot;,&quot;size&quot;:-146,&quot;sizes&quot;:[]},&quot;_transform_translateX_effect&quot;:{&quot;unit&quot;:&quot;px&quot;,&quot;size&quot;:&quot;&quot;,&quot;sizes&quot;:[]},&quot;_transform_translateX_effect_tablet&quot;:{&quot;unit&quot;:&quot;px&quot;,&quot;size&quot;:&quot;&quot;,&quot;sizes&quot;:[]},&quot;_transform_translateX_effect_mobile&quot;:{&quot;unit&quot;:&quot;px&quot;,&quot;size&quot;:&quot;&quot;,&quot;sizes&quot;:[]},&quot;_transform_translateY_effect_tablet&quot;:{&quot;unit&quot;:&quot;px&quot;,&quot;size&quot;:&quot;&quot;,&quot;sizes&quot;:[]},&quot;_transform_translateY_effect_mobile&quot;:{&quot;unit&quot;:&quot;px&quot;,&quot;size&quot;:&quot;&quot;,&quot;sizes&quot;:[]}}\">\n\t\t\t\t<div class=\"elementor-element elementor-element-3a61edc parallax-image elementor-widget elementor-widget-image\" data-id=\"3a61edc\" data-element_type=\"widget\" data-widget_type=\"image.default\">\n\t\t\t\t<div class=\"elementor-widget-container\">\n\t\t\t\t\t\t\t\t\t\t\t\t\t\t\t<img loading=\"lazy\" decoding=\"async\" width=\"577\" height=\"400\" src=\"https:\/\/dworekprzylesie.com.pl\/wp-content\/uploads\/2025\/06\/biznes-events-7.jpg\" class=\"attachment-large size-large wp-image-387\" alt=\"\" srcset=\"https:\/\/dworekprzylesie.com.pl\/wp-content\/uploads\/2025\/06\/biznes-events-7.jpg 577w, https:\/\/dworekprzylesie.com.pl\/wp-content\/uploads\/2025\/06\/biznes-events-7-300x208.jpg 300w\" sizes=\"(max-width: 577px) 100vw, 577px\" \/>\t\t\t\t\t\t\t\t\t\t\t\t\t\t\t<\/div>\n\t\t\t\t<\/div>\n\t\t\t\t<\/div>\n\t\t\t\t<\/div>\n\t\t\t\t\t<\/div>\n\t\t\t\t<\/div>\n\t\t\t\t<\/div>","protected":false},"excerpt":{"rendered":"<p>Organizacja niezapomnianego dnia biznes-eventy wydarzenia dla firm Z dala od zgie\u0142ku miast, w\u015br\u00f3d natury zorganizujecie wspania\u0142y event firmowy \u2028i konferencj\u0119. [&hellip;]<\/p>","protected":false},"author":1,"featured_media":0,"parent":0,"menu_order":0,"comment_status":"closed","ping_status":"closed","template":"","meta":{"site-sidebar-layout":"no-sidebar","site-content-layout":"","ast-site-content-layout":"full-width-container","site-content-style":"default","site-sidebar-style":"default","ast-global-header-display":"","ast-banner-title-visibility":"","ast-main-header-display":"","ast-hfb-above-header-display":"","ast-hfb-below-header-display":"","ast-hfb-mobile-header-display":"","site-post-title":"disabled","ast-breadcrumbs-content":"","ast-featured-img":"disabled","footer-sml-layout":"","theme-transparent-header-meta":"","adv-header-id-meta":"","stick-header-meta":"","header-above-stick-meta":"","header-main-stick-meta":"","header-below-stick-meta":"","astra-migrate-meta-layouts":"default","ast-page-background-enabled":"default","ast-page-background-meta":{"desktop":{"background-color":"var(--ast-global-color-5)","background-image":"","background-repeat":"repeat","background-position":"center center","background-size":"auto","background-attachment":"scroll","background-type":"","background-media":"","overlay-type":"","overlay-color":"","overlay-opacity":"","overlay-gradient":""},"tablet":{"background-color":"","background-image":"","background-repeat":"repeat","background-position":"center center","background-size":"auto","background-attachment":"scroll","background-type":"","background-media":"","overlay-type":"","overlay-color":"","overlay-opacity":"","overlay-gradient":""},"mobile":{"background-color":"","background-image":"","background-repeat":"repeat","background-position":"center center","background-size":"auto","background-attachment":"scroll","background-type":"","background-media":"","overlay-type":"","overlay-color":"","overlay-opacity":"","overlay-gradient":""}},"ast-content-background-meta":{"desktop":{"background-color":"var(--ast-global-color-4)","background-image":"","background-repeat":"repeat","background-position":"center center","background-size":"auto","background-attachment":"scroll","background-type":"","background-media":"","overlay-type":"","overlay-color":"","overlay-opacity":"","overlay-gradient":""},"tablet":{"background-color":"var(--ast-global-color-4)","background-image":"","background-repeat":"repeat","background-position":"center center","background-size":"auto","background-attachment":"scroll","background-type":"","background-media":"","overlay-type":"","overlay-color":"","overlay-opacity":"","overlay-gradient":""},"mobile":{"background-color":"var(--ast-global-color-4)","background-image":"","background-repeat":"repeat","background-position":"center center","background-size":"auto","background-attachment":"scroll","background-type":"","background-media":"","overlay-type":"","overlay-color":"","overlay-opacity":"","overlay-gradient":""}},"footnotes":""},"class_list":["post-370","page","type-page","status-publish","hentry"],"_links":{"self":[{"href":"https:\/\/dworekprzylesie.com.pl\/en\/wp-json\/wp\/v2\/pages\/370","targetHints":{"allow":["GET"]}}],"collection":[{"href":"https:\/\/dworekprzylesie.com.pl\/en\/wp-json\/wp\/v2\/pages"}],"about":[{"href":"https:\/\/dworekprzylesie.com.pl\/en\/wp-json\/wp\/v2\/types\/page"}],"author":[{"embeddable":true,"href":"https:\/\/dworekprzylesie.com.pl\/en\/wp-json\/wp\/v2\/users\/1"}],"replies":[{"embeddable":true,"href":"https:\/\/dworekprzylesie.com.pl\/en\/wp-json\/wp\/v2\/comments?post=370"}],"version-history":[{"count":67,"href":"https:\/\/dworekprzylesie.com.pl\/en\/wp-json\/wp\/v2\/pages\/370\/revisions"}],"predecessor-version":[{"id":1733,"href":"https:\/\/dworekprzylesie.com.pl\/en\/wp-json\/wp\/v2\/pages\/370\/revisions\/1733"}],"wp:attachment":[{"href":"https:\/\/dworekprzylesie.com.pl\/en\/wp-json\/wp\/v2\/media?parent=370"}],"curies":[{"name":"wp","href":"https:\/\/api.w.org\/{rel}","templated":true}]}}