{"id":286,"date":"2025-06-03T01:14:15","date_gmt":"2025-06-02T22:14:15","guid":{"rendered":"https:\/\/dworekprzylesie.com.pl\/?page_id=286"},"modified":"2025-06-19T16:30:06","modified_gmt":"2025-06-19T13:30:06","slug":"events","status":"publish","type":"page","link":"https:\/\/dworekprzylesie.com.pl\/en\/events\/","title":{"rendered":"Events"},"content":{"rendered":"<div data-elementor-type=\"wp-page\" data-elementor-id=\"286\" class=\"elementor elementor-286\" data-elementor-post-type=\"page\">\n\t\t\t\t<div class=\"elementor-element elementor-element-636cf5cf head-banner white-logo e-flex e-con-boxed e-con e-parent\" data-id=\"636cf5cf\" data-element_type=\"container\" data-settings=\"{&quot;background_background&quot;:&quot;classic&quot;}\">\n\t\t\t\t\t<div class=\"e-con-inner\">\n\t\t\t\t<div class=\"elementor-element elementor-element-2efca394 elementor-widget elementor-widget-heading\" data-id=\"2efca394\" data-element_type=\"widget\" data-widget_type=\"heading.default\">\n\t\t\t\t<div class=\"elementor-widget-container\">\n\t\t\t\t\t<div class=\"elementor-heading-title elementor-size-default\">Organizing an unforgettable day<\/div>\t\t\t\t<\/div>\n\t\t\t\t<\/div>\n\t\t\t\t<div class=\"elementor-element elementor-element-5bd1728d main-title elementor-widget elementor-widget-heading\" data-id=\"5bd1728d\" data-element_type=\"widget\" data-widget_type=\"heading.default\">\n\t\t\t\t<div class=\"elementor-widget-container\">\n\t\t\t\t\t<h1 class=\"elementor-heading-title elementor-size-default\">events<\/h1>\t\t\t\t<\/div>\n\t\t\t\t<\/div>\n\t\t\t\t\t<\/div>\n\t\t\t\t<\/div>\n\t\t<div class=\"elementor-element elementor-element-377ef21 header-inversion-color e-flex e-con-boxed e-con e-parent\" data-id=\"377ef21\" data-element_type=\"container\">\n\t\t\t\t\t<div class=\"e-con-inner\">\n\t\t\t\t<div class=\"elementor-element elementor-element-3d22aa8 elementor-widget__width-initial elementor-widget elementor-widget-text-editor\" data-id=\"3d22aa8\" data-element_type=\"widget\" data-widget_type=\"text-editor.default\">\n\t\t\t\t<div class=\"elementor-widget-container\">\n\t\t\t\t\t\t\t\t\t<p>Organization <span class=\"t-transform-none font-italic\">events<\/span><\/p>\t\t\t\t\t\t\t\t<\/div>\n\t\t\t\t<\/div>\n\t\t\t\t<div class=\"elementor-element elementor-element-afa1154 elementor-widget__width-initial elementor-widget elementor-widget-text-editor\" data-id=\"afa1154\" data-element_type=\"widget\" data-widget_type=\"text-editor.default\">\n\t\t\t\t<div class=\"elementor-widget-container\">\n\t\t\t\t\t\t\t\t\tOur facility&#039;s space was created specifically for hosting parties. For years, we have been successfully hosting parties for friends and family. Our facility is suitable for both smaller receptions and large celebrations.\t\t\t\t\t\t\t\t<\/div>\n\t\t\t\t<\/div>\n\t\t\t\t<div class=\"elementor-element elementor-element-2e87577 elementor-widget__width-initial elementor-widget elementor-widget-text-editor\" data-id=\"2e87577\" data-element_type=\"widget\" data-widget_type=\"text-editor.default\">\n\t\t\t\t<div class=\"elementor-widget-container\">\n\t\t\t\t\t\t\t\t\tWe host receptions in the ballroom, and more intimate ones in the fireplace room, which can accommodate up to 50 people. During the summer months, we recommend holding your ceremony in the gazebo on the water. \t\t\t\t\t\t\t\t<\/div>\n\t\t\t\t<\/div>\n\t\t\t\t<div class=\"elementor-element elementor-element-5ebc2bb elementor-align-center elementor-widget elementor-widget-button\" data-id=\"5ebc2bb\" data-element_type=\"widget\" data-widget_type=\"button.default\">\n\t\t\t\t<div class=\"elementor-widget-container\">\n\t\t\t\t\t\t\t\t\t<div class=\"elementor-button-wrapper\">\n\t\t\t\t\t<a class=\"elementor-button elementor-button-link elementor-size-sm\" href=\"\/en\/contacts\/\">\n\t\t\t\t\t\t<span class=\"elementor-button-content-wrapper\">\n\t\t\t\t\t\t\t\t\t<span class=\"elementor-button-text\">Contact us<\/span>\n\t\t\t\t\t<\/span>\n\t\t\t\t\t<\/a>\n\t\t\t\t<\/div>\n\t\t\t\t\t\t\t\t<\/div>\n\t\t\t\t<\/div>\n\t\t\t\t\t<\/div>\n\t\t\t\t<\/div>\n\t\t<div class=\"elementor-element elementor-element-1b76ce4 parallax-section header-inversion-color e-flex e-con-boxed e-con e-parent\" data-id=\"1b76ce4\" data-element_type=\"container\">\n\t\t\t\t\t<div class=\"e-con-inner\">\n\t\t<div class=\"elementor-element elementor-element-6a2980e e-con-full e-flex e-con e-child\" data-id=\"6a2980e\" data-element_type=\"container\">\n\t\t<div class=\"elementor-element elementor-element-8f66791 e-con-full parallax-container e-flex elementor-invisible e-con e-child\" data-id=\"8f66791\" data-element_type=\"container\" data-settings=\"{&quot;animation&quot;:&quot;fadeInUp&quot;}\">\n\t\t\t\t<div class=\"elementor-element elementor-element-0f517d9 parallax-image elementor-widget elementor-widget-image\" data-id=\"0f517d9\" data-element_type=\"widget\" data-widget_type=\"image.default\">\n\t\t\t\t<div class=\"elementor-widget-container\">\n\t\t\t\t\t\t\t\t\t\t\t\t\t\t\t<img fetchpriority=\"high\" decoding=\"async\" width=\"768\" height=\"1024\" src=\"https:\/\/dworekprzylesie.com.pl\/wp-content\/uploads\/2025\/06\/events-1-min-768x1024.jpg\" class=\"attachment-large size-large wp-image-306\" alt=\"\" srcset=\"https:\/\/dworekprzylesie.com.pl\/wp-content\/uploads\/2025\/06\/events-1-min-768x1024.jpg 768w, https:\/\/dworekprzylesie.com.pl\/wp-content\/uploads\/2025\/06\/events-1-min-scaled-600x800.jpg 600w, https:\/\/dworekprzylesie.com.pl\/wp-content\/uploads\/2025\/06\/events-1-min-225x300.jpg 225w, https:\/\/dworekprzylesie.com.pl\/wp-content\/uploads\/2025\/06\/events-1-min-1152x1536.jpg 1152w, https:\/\/dworekprzylesie.com.pl\/wp-content\/uploads\/2025\/06\/events-1-min-1536x2048.jpg 1536w, https:\/\/dworekprzylesie.com.pl\/wp-content\/uploads\/2025\/06\/events-1-min-scaled.jpg 1920w\" sizes=\"(max-width: 768px) 100vw, 768px\" \/>\t\t\t\t\t\t\t\t\t\t\t\t\t\t\t<\/div>\n\t\t\t\t<\/div>\n\t\t\t\t<\/div>\n\t\t\t\t<\/div>\n\t\t<div class=\"elementor-element elementor-element-0ee818a e-con-full e-flex e-con e-child\" data-id=\"0ee818a\" data-element_type=\"container\">\n\t\t<div class=\"elementor-element elementor-element-b0ccb90 e-con-full parallax-container e-flex elementor-invisible e-con e-child\" data-id=\"b0ccb90\" data-element_type=\"container\" data-settings=\"{&quot;animation&quot;:&quot;fadeInUp&quot;}\">\n\t\t\t\t<div class=\"elementor-element elementor-element-8b39019 parallax-image elementor-widget elementor-widget-image\" data-id=\"8b39019\" data-element_type=\"widget\" data-widget_type=\"image.default\">\n\t\t\t\t<div class=\"elementor-widget-container\">\n\t\t\t\t\t\t\t\t\t\t\t\t\t\t\t<img decoding=\"async\" width=\"683\" height=\"1024\" src=\"https:\/\/dworekprzylesie.com.pl\/wp-content\/uploads\/2025\/06\/events-2-min-683x1024.jpg\" class=\"attachment-large size-large wp-image-307\" alt=\"\" srcset=\"https:\/\/dworekprzylesie.com.pl\/wp-content\/uploads\/2025\/06\/events-2-min-683x1024.jpg 683w, https:\/\/dworekprzylesie.com.pl\/wp-content\/uploads\/2025\/06\/events-2-min-scaled-600x900.jpg 600w, https:\/\/dworekprzylesie.com.pl\/wp-content\/uploads\/2025\/06\/events-2-min-200x300.jpg 200w, https:\/\/dworekprzylesie.com.pl\/wp-content\/uploads\/2025\/06\/events-2-min-768x1152.jpg 768w, https:\/\/dworekprzylesie.com.pl\/wp-content\/uploads\/2025\/06\/events-2-min-1024x1536.jpg 1024w, https:\/\/dworekprzylesie.com.pl\/wp-content\/uploads\/2025\/06\/events-2-min-1366x2048.jpg 1366w, https:\/\/dworekprzylesie.com.pl\/wp-content\/uploads\/2025\/06\/events-2-min-scaled.jpg 1707w\" sizes=\"(max-width: 683px) 100vw, 683px\" \/>\t\t\t\t\t\t\t\t\t\t\t\t\t\t\t<\/div>\n\t\t\t\t<\/div>\n\t\t\t\t<\/div>\n\t\t\t\t<\/div>\n\t\t\t\t\t<\/div>\n\t\t\t\t<\/div>\n\t\t<div class=\"elementor-element elementor-element-ffdea31 parallax-section header-inversion-color e-flex e-con-boxed e-con e-parent\" data-id=\"ffdea31\" data-element_type=\"container\">\n\t\t\t\t\t<div class=\"e-con-inner\">\n\t\t<div class=\"elementor-element elementor-element-797189a e-con-full e-flex e-con e-child\" data-id=\"797189a\" data-element_type=\"container\">\n\t\t<div class=\"elementor-element elementor-element-7a5b1df e-con-full parallax-container e-flex elementor-invisible e-con e-child\" data-id=\"7a5b1df\" data-element_type=\"container\" data-settings=\"{&quot;animation&quot;:&quot;fadeInUp&quot;}\">\n\t\t\t\t<div class=\"elementor-element elementor-element-e896e5f parallax-image elementor-widget elementor-widget-image\" data-id=\"e896e5f\" data-element_type=\"widget\" data-widget_type=\"image.default\">\n\t\t\t\t<div class=\"elementor-widget-container\">\n\t\t\t\t\t\t\t\t\t\t\t\t\t\t\t<img decoding=\"async\" width=\"1024\" height=\"682\" src=\"https:\/\/dworekprzylesie.com.pl\/wp-content\/uploads\/2025\/06\/events-3-min-1024x682.jpg\" class=\"attachment-large size-large wp-image-308\" alt=\"\" srcset=\"https:\/\/dworekprzylesie.com.pl\/wp-content\/uploads\/2025\/06\/events-3-min-1024x682.jpg 1024w, https:\/\/dworekprzylesie.com.pl\/wp-content\/uploads\/2025\/06\/events-3-min-600x400.jpg 600w, https:\/\/dworekprzylesie.com.pl\/wp-content\/uploads\/2025\/06\/events-3-min-300x200.jpg 300w, https:\/\/dworekprzylesie.com.pl\/wp-content\/uploads\/2025\/06\/events-3-min-768x512.jpg 768w, https:\/\/dworekprzylesie.com.pl\/wp-content\/uploads\/2025\/06\/events-3-min-1536x1024.jpg 1536w, https:\/\/dworekprzylesie.com.pl\/wp-content\/uploads\/2025\/06\/events-3-min-2048x1365.jpg 2048w\" sizes=\"(max-width: 1024px) 100vw, 1024px\" \/>\t\t\t\t\t\t\t\t\t\t\t\t\t\t\t<\/div>\n\t\t\t\t<\/div>\n\t\t\t\t<\/div>\n\t\t\t\t<\/div>\n\t\t<div class=\"elementor-element elementor-element-8766d90 e-con-full e-flex e-con e-child\" data-id=\"8766d90\" data-element_type=\"container\">\n\t\t<div class=\"elementor-element elementor-element-ead34a2 e-con-full parallax-container e-flex elementor-invisible e-con e-child\" data-id=\"ead34a2\" data-element_type=\"container\" data-settings=\"{&quot;animation&quot;:&quot;fadeInUp&quot;}\">\n\t\t\t\t<div class=\"elementor-element elementor-element-060343e parallax-image elementor-widget elementor-widget-image\" data-id=\"060343e\" data-element_type=\"widget\" data-widget_type=\"image.default\">\n\t\t\t\t<div class=\"elementor-widget-container\">\n\t\t\t\t\t\t\t\t\t\t\t\t\t\t\t<img loading=\"lazy\" decoding=\"async\" width=\"683\" height=\"1024\" src=\"https:\/\/dworekprzylesie.com.pl\/wp-content\/uploads\/2025\/06\/events-4-min-683x1024.jpg\" class=\"attachment-large size-large wp-image-309\" alt=\"\" srcset=\"https:\/\/dworekprzylesie.com.pl\/wp-content\/uploads\/2025\/06\/events-4-min-683x1024.jpg 683w, https:\/\/dworekprzylesie.com.pl\/wp-content\/uploads\/2025\/06\/events-4-min-scaled-600x900.jpg 600w, https:\/\/dworekprzylesie.com.pl\/wp-content\/uploads\/2025\/06\/events-4-min-200x300.jpg 200w, https:\/\/dworekprzylesie.com.pl\/wp-content\/uploads\/2025\/06\/events-4-min-768x1152.jpg 768w, https:\/\/dworekprzylesie.com.pl\/wp-content\/uploads\/2025\/06\/events-4-min-1024x1536.jpg 1024w, https:\/\/dworekprzylesie.com.pl\/wp-content\/uploads\/2025\/06\/events-4-min-1366x2048.jpg 1366w, https:\/\/dworekprzylesie.com.pl\/wp-content\/uploads\/2025\/06\/events-4-min-scaled.jpg 1707w\" sizes=\"(max-width: 683px) 100vw, 683px\" \/>\t\t\t\t\t\t\t\t\t\t\t\t\t\t\t<\/div>\n\t\t\t\t<\/div>\n\t\t\t\t<\/div>\n\t\t\t\t<\/div>\n\t\t\t\t\t<\/div>\n\t\t\t\t<\/div>\n\t\t<div class=\"elementor-element elementor-element-214176d parallax-section header-inversion-color e-flex e-con-boxed e-con e-parent\" data-id=\"214176d\" data-element_type=\"container\">\n\t\t\t\t\t<div class=\"e-con-inner\">\n\t\t<div class=\"elementor-element elementor-element-da2145b e-con-full e-flex e-con e-child\" data-id=\"da2145b\" data-element_type=\"container\">\n\t\t<div class=\"elementor-element elementor-element-9d5b90c e-con-full parallax-container e-flex elementor-invisible e-con e-child\" data-id=\"9d5b90c\" data-element_type=\"container\" data-settings=\"{&quot;animation&quot;:&quot;fadeInUp&quot;}\">\n\t\t\t\t<div class=\"elementor-element elementor-element-f166403 elementor-widget elementor-widget-video\" data-id=\"f166403\" data-element_type=\"widget\" data-settings=\"{&quot;video_type&quot;:&quot;hosted&quot;,&quot;autoplay&quot;:&quot;yes&quot;,&quot;mute&quot;:&quot;yes&quot;,&quot;loop&quot;:&quot;yes&quot;}\" data-widget_type=\"video.default\">\n\t\t\t\t<div class=\"elementor-widget-container\">\n\t\t\t\t\t\t\t<div class=\"e-hosted-video elementor-wrapper elementor-open-inline\">\n\t\t\t\t\t<video class=\"elementor-video\" src=\"https:\/\/dworekprzylesie.com.pl\/wp-content\/uploads\/2025\/06\/events-5.mp4\" autoplay=\"\" loop=\"\" muted=\"muted\" controlslist=\"nodownload\"><\/video>\n\t\t\t\t<\/div>\n\t\t\t\t\t\t<\/div>\n\t\t\t\t<\/div>\n\t\t\t\t<\/div>\n\t\t\t\t<\/div>\n\t\t<div class=\"elementor-element elementor-element-3cf3e2f e-con-full e-flex e-con e-child\" data-id=\"3cf3e2f\" data-element_type=\"container\">\n\t\t<div class=\"elementor-element elementor-element-eed52c9 e-con-full parallax-container e-flex elementor-invisible e-con e-child\" data-id=\"eed52c9\" data-element_type=\"container\" data-settings=\"{&quot;animation&quot;:&quot;fadeInUp&quot;}\">\n\t\t\t\t<div class=\"elementor-element elementor-element-68e0fdc parallax-image elementor-widget elementor-widget-image\" data-id=\"68e0fdc\" data-element_type=\"widget\" data-widget_type=\"image.default\">\n\t\t\t\t<div class=\"elementor-widget-container\">\n\t\t\t\t\t\t\t\t\t\t\t\t\t\t\t<img loading=\"lazy\" decoding=\"async\" width=\"383\" height=\"480\" src=\"https:\/\/dworekprzylesie.com.pl\/wp-content\/uploads\/2025\/06\/events-6-min.jpg\" class=\"attachment-large size-large wp-image-311\" alt=\"\" srcset=\"https:\/\/dworekprzylesie.com.pl\/wp-content\/uploads\/2025\/06\/events-6-min.jpg 383w, https:\/\/dworekprzylesie.com.pl\/wp-content\/uploads\/2025\/06\/events-6-min-239x300.jpg 239w\" sizes=\"(max-width: 383px) 100vw, 383px\" \/>\t\t\t\t\t\t\t\t\t\t\t\t\t\t\t<\/div>\n\t\t\t\t<\/div>\n\t\t\t\t<\/div>\n\t\t\t\t<\/div>\n\t\t\t\t\t<\/div>\n\t\t\t\t<\/div>\n\t\t<div class=\"elementor-element elementor-element-03aea26 parallax-section header-inversion-color e-flex e-con-boxed e-con e-parent\" data-id=\"03aea26\" data-element_type=\"container\">\n\t\t\t\t\t<div class=\"e-con-inner\">\n\t\t<div class=\"elementor-element elementor-element-c7a6602 e-con-full e-flex e-con e-child\" data-id=\"c7a6602\" data-element_type=\"container\">\n\t\t\t\t<\/div>\n\t\t<div class=\"elementor-element elementor-element-0721062 e-con-full e-flex e-con e-child\" data-id=\"0721062\" data-element_type=\"container\">\n\t\t<div class=\"elementor-element elementor-element-d961209 e-con-full e-transform parallax-container e-flex elementor-invisible e-con e-child\" data-id=\"d961209\" data-element_type=\"container\" data-settings=\"{&quot;_transform_translateY_effect&quot;:{&quot;unit&quot;:&quot;px&quot;,&quot;size&quot;:-146,&quot;sizes&quot;:[]},&quot;_transform_translateY_effect_tablet&quot;:{&quot;unit&quot;:&quot;px&quot;,&quot;size&quot;:0,&quot;sizes&quot;:[]},&quot;animation&quot;:&quot;fadeInUp&quot;,&quot;_transform_translateX_effect&quot;:{&quot;unit&quot;:&quot;px&quot;,&quot;size&quot;:&quot;&quot;,&quot;sizes&quot;:[]},&quot;_transform_translateX_effect_tablet&quot;:{&quot;unit&quot;:&quot;px&quot;,&quot;size&quot;:&quot;&quot;,&quot;sizes&quot;:[]},&quot;_transform_translateX_effect_mobile&quot;:{&quot;unit&quot;:&quot;px&quot;,&quot;size&quot;:&quot;&quot;,&quot;sizes&quot;:[]},&quot;_transform_translateY_effect_mobile&quot;:{&quot;unit&quot;:&quot;px&quot;,&quot;size&quot;:&quot;&quot;,&quot;sizes&quot;:[]}}\">\n\t\t\t\t<div class=\"elementor-element elementor-element-1cf90d7 parallax-image elementor-widget elementor-widget-image\" data-id=\"1cf90d7\" data-element_type=\"widget\" data-widget_type=\"image.default\">\n\t\t\t\t<div class=\"elementor-widget-container\">\n\t\t\t\t\t\t\t\t\t\t\t\t\t\t\t<img loading=\"lazy\" decoding=\"async\" width=\"1024\" height=\"684\" src=\"https:\/\/dworekprzylesie.com.pl\/wp-content\/uploads\/2025\/06\/events-7-min-1024x684.jpg\" class=\"attachment-large size-large wp-image-312\" alt=\"\" srcset=\"https:\/\/dworekprzylesie.com.pl\/wp-content\/uploads\/2025\/06\/events-7-min-1024x684.jpg 1024w, https:\/\/dworekprzylesie.com.pl\/wp-content\/uploads\/2025\/06\/events-7-min-scaled-600x401.jpg 600w, https:\/\/dworekprzylesie.com.pl\/wp-content\/uploads\/2025\/06\/events-7-min-300x200.jpg 300w, https:\/\/dworekprzylesie.com.pl\/wp-content\/uploads\/2025\/06\/events-7-min-768x513.jpg 768w, https:\/\/dworekprzylesie.com.pl\/wp-content\/uploads\/2025\/06\/events-7-min-1536x1026.jpg 1536w, https:\/\/dworekprzylesie.com.pl\/wp-content\/uploads\/2025\/06\/events-7-min-2048x1368.jpg 2048w\" sizes=\"(max-width: 1024px) 100vw, 1024px\" \/>\t\t\t\t\t\t\t\t\t\t\t\t\t\t\t<\/div>\n\t\t\t\t<\/div>\n\t\t\t\t<\/div>\n\t\t\t\t<\/div>\n\t\t\t\t\t<\/div>\n\t\t\t\t<\/div>\n\t\t\t\t<\/div>","protected":false},"excerpt":{"rendered":"<p>Organizacja niezapomnianego dnia imprezy Organizacja wydarze\u0144 Przestrze\u0144 naszego obiektu zosta\u0142a stworzona do organizacji przyj\u0119\u0107. Od lat z powodzeniem organizujemy przyj\u0119cia [&hellip;]<\/p>","protected":false},"author":1,"featured_media":0,"parent":0,"menu_order":0,"comment_status":"closed","ping_status":"closed","template":"","meta":{"site-sidebar-layout":"no-sidebar","site-content-layout":"","ast-site-content-layout":"full-width-container","site-content-style":"default","site-sidebar-style":"default","ast-global-header-display":"","ast-banner-title-visibility":"","ast-main-header-display":"","ast-hfb-above-header-display":"","ast-hfb-below-header-display":"","ast-hfb-mobile-header-display":"","site-post-title":"disabled","ast-breadcrumbs-content":"","ast-featured-img":"disabled","footer-sml-layout":"","theme-transparent-header-meta":"","adv-header-id-meta":"","stick-header-meta":"","header-above-stick-meta":"","header-main-stick-meta":"","header-below-stick-meta":"","astra-migrate-meta-layouts":"default","ast-page-background-enabled":"default","ast-page-background-meta":{"desktop":{"background-color":"var(--ast-global-color-5)","background-image":"","background-repeat":"repeat","background-position":"center center","background-size":"auto","background-attachment":"scroll","background-type":"","background-media":"","overlay-type":"","overlay-color":"","overlay-opacity":"","overlay-gradient":""},"tablet":{"background-color":"","background-image":"","background-repeat":"repeat","background-position":"center center","background-size":"auto","background-attachment":"scroll","background-type":"","background-media":"","overlay-type":"","overlay-color":"","overlay-opacity":"","overlay-gradient":""},"mobile":{"background-color":"","background-image":"","background-repeat":"repeat","background-position":"center center","background-size":"auto","background-attachment":"scroll","background-type":"","background-media":"","overlay-type":"","overlay-color":"","overlay-opacity":"","overlay-gradient":""}},"ast-content-background-meta":{"desktop":{"background-color":"var(--ast-global-color-4)","background-image":"","background-repeat":"repeat","background-position":"center center","background-size":"auto","background-attachment":"scroll","background-type":"","background-media":"","overlay-type":"","overlay-color":"","overlay-opacity":"","overlay-gradient":""},"tablet":{"background-color":"var(--ast-global-color-4)","background-image":"","background-repeat":"repeat","background-position":"center center","background-size":"auto","background-attachment":"scroll","background-type":"","background-media":"","overlay-type":"","overlay-color":"","overlay-opacity":"","overlay-gradient":""},"mobile":{"background-color":"var(--ast-global-color-4)","background-image":"","background-repeat":"repeat","background-position":"center center","background-size":"auto","background-attachment":"scroll","background-type":"","background-media":"","overlay-type":"","overlay-color":"","overlay-opacity":"","overlay-gradient":""}},"footnotes":""},"class_list":["post-286","page","type-page","status-publish","hentry"],"_links":{"self":[{"href":"https:\/\/dworekprzylesie.com.pl\/en\/wp-json\/wp\/v2\/pages\/286","targetHints":{"allow":["GET"]}}],"collection":[{"href":"https:\/\/dworekprzylesie.com.pl\/en\/wp-json\/wp\/v2\/pages"}],"about":[{"href":"https:\/\/dworekprzylesie.com.pl\/en\/wp-json\/wp\/v2\/types\/page"}],"author":[{"embeddable":true,"href":"https:\/\/dworekprzylesie.com.pl\/en\/wp-json\/wp\/v2\/users\/1"}],"replies":[{"embeddable":true,"href":"https:\/\/dworekprzylesie.com.pl\/en\/wp-json\/wp\/v2\/comments?post=286"}],"version-history":[{"count":89,"href":"https:\/\/dworekprzylesie.com.pl\/en\/wp-json\/wp\/v2\/pages\/286\/revisions"}],"predecessor-version":[{"id":1764,"href":"https:\/\/dworekprzylesie.com.pl\/en\/wp-json\/wp\/v2\/pages\/286\/revisions\/1764"}],"wp:attachment":[{"href":"https:\/\/dworekprzylesie.com.pl\/en\/wp-json\/wp\/v2\/media?parent=286"}],"curies":[{"name":"wp","href":"https:\/\/api.w.org\/{rel}","templated":true}]}}